{"id":11,"date":"2024-09-02T04:36:21","date_gmt":"2024-09-02T04:36:21","guid":{"rendered":"https:\/\/kaum-zu-glauben.de\/?page_id=11"},"modified":"2024-09-02T04:36:21","modified_gmt":"2024-09-02T04:36:21","slug":"impressum","status":"publish","type":"page","link":"https:\/\/kaum-zu-glauben.de\/?page_id=11","title":{"rendered":"Impressum"},"content":{"rendered":"\n<p>Michael M\u00fcller<br>Nordschleswigstra\u00dfe 54<br>45259 Essen<\/p>\n\n\n\n<h2 class=\"wp-block-heading\">Kontakt<\/h2>\n\n\n\n<p>Telefon: 0201 74 85 10 79<br>E-Mail: muellermj97@gmail.com<\/p>\n\n\n\n<h2 class=\"wp-block-heading\">Redaktionell verantwortlich<\/h2>\n\n\n\n<p>Michael M\u00fcller<br>Nordschleswigstra\u00dfe 54<br>45259 Essen<\/p>\n\n\n\n<p>Quelle:<br>https:\/\/www.e-recht24.de<\/p>\n","protected":false},"excerpt":{"rendered":"<p>Michael M\u00fcllerNordschleswigstra\u00dfe 5445259 Essen Kontakt Telefon: 0201 74 85 10 79E-Mail: muellermj97@gmail.com Redaktionell verantwortlich Michael M\u00fcllerNordschleswigstra\u00dfe 5445259 Essen Quelle:https:\/\/www.e-recht24.de<\/p>\n","protected":false},"author":1,"featured_media":0,"parent":0,"menu_order":0,"comment_status":"closed","ping_status":"closed","template":"","meta":{"footnotes":""},"class_list":["post-11","page","type-page","status-publish","hentry"],"_links":{"self":[{"href":"https:\/\/kaum-zu-glauben.de\/index.php?rest_route=\/wp\/v2\/pages\/11","targetHints":{"allow":["GET"]}}],"collection":[{"href":"https:\/\/kaum-zu-glauben.de\/index.php?rest_route=\/wp\/v2\/pages"}],"about":[{"href":"https:\/\/kaum-zu-glauben.de\/index.php?rest_route=\/wp\/v2\/types\/page"}],"author":[{"embeddable":true,"href":"https:\/\/kaum-zu-glauben.de\/index.php?rest_route=\/wp\/v2\/users\/1"}],"replies":[{"embeddable":true,"href":"https:\/\/kaum-zu-glauben.de\/index.php?rest_route=%2Fwp%2Fv2%2Fcomments&post=11"}],"version-history":[{"count":1,"href":"https:\/\/kaum-zu-glauben.de\/index.php?rest_route=\/wp\/v2\/pages\/11\/revisions"}],"predecessor-version":[{"id":12,"href":"https:\/\/kaum-zu-glauben.de\/index.php?rest_route=\/wp\/v2\/pages\/11\/revisions\/12"}],"wp:attachment":[{"href":"https:\/\/kaum-zu-glauben.de\/index.php?rest_route=%2Fwp%2Fv2%2Fmedia&parent=11"}],"curies":[{"name":"wp","href":"https:\/\/api.w.org\/{rel}","templated":true}]}}